{"id":20822,"date":"2021-02-08T09:30:07","date_gmt":"2021-02-08T08:30:07","guid":{"rendered":"https:\/\/www.alumast.eu\/download\/general-sales-conditions\/"},"modified":"2023-05-12T13:52:28","modified_gmt":"2023-05-12T11:52:28","slug":"general-sales-conditions","status":"publish","type":"page","link":"https:\/\/www.alumast.eu\/en\/download\/general-sales-conditions\/","title":{"rendered":"GENERAL SALES CONDITIONS"},"content":{"rendered":"<p><a class=\"przycisk yellow\" href=\"https:\/\/www.alumast.eu\/wp-content\/uploads\/2023\/05\/OWS_ang_05_2023_NCT.pdf\" target=\"_blank\" rel=\"noopener noreferrer nofollow\">GENERAL SALES CONDITIONS ALUMAST S.A.\u00a0<\/a><\/p>\n<p><a class=\"przycisk blue\" href=\"https:\/\/www.alumast.eu\/wp-content\/uploads\/2022\/12\/OWS_10_2022_DE.pdf\" target=\"_blank\" rel=\"noopener noreferrer\">Allegemeine Verkaufsbedingungen<\/a><\/p>\n<p><a class=\"przycisk yellow\" href=\"https:\/\/www.alumast.eu\/wp-content\/uploads\/2022\/12\/OWS_10_2022_CZ.pdf\" target=\"_blank\" rel=\"noopener noreferrer\">V\u0160EOBECN\u00c9 OBCHODN\u00cd PODM\u00cdNKY<\/a><\/p>\n","protected":false},"excerpt":{"rendered":"<p>GENERAL SALES CONDITIONS ALUMAST S.A.\u00a0 Allegemeine Verkaufsbedingungen V\u0160EOBECN\u00c9 OBCHODN\u00cd PODM\u00cdNKY<\/p>\n","protected":false},"author":4,"featured_media":0,"parent":17939,"menu_order":2,"comment_status":"closed","ping_status":"closed","template":"","meta":{"footnotes":""},"_links":{"self":[{"href":"https:\/\/www.alumast.eu\/en\/wp-json\/wp\/v2\/pages\/20822"}],"collection":[{"href":"https:\/\/www.alumast.eu\/en\/wp-json\/wp\/v2\/pages"}],"about":[{"href":"https:\/\/www.alumast.eu\/en\/wp-json\/wp\/v2\/types\/page"}],"author":[{"embeddable":true,"href":"https:\/\/www.alumast.eu\/en\/wp-json\/wp\/v2\/users\/4"}],"replies":[{"embeddable":true,"href":"https:\/\/www.alumast.eu\/en\/wp-json\/wp\/v2\/comments?post=20822"}],"version-history":[{"count":0,"href":"https:\/\/www.alumast.eu\/en\/wp-json\/wp\/v2\/pages\/20822\/revisions"}],"up":[{"embeddable":true,"href":"https:\/\/www.alumast.eu\/en\/wp-json\/wp\/v2\/pages\/17939"}],"wp:attachment":[{"href":"https:\/\/www.alumast.eu\/en\/wp-json\/wp\/v2\/media?parent=20822"}],"curies":[{"name":"wp","href":"https:\/\/api.w.org\/{rel}","templated":true}]}}