{"id":17943,"date":"2019-02-28T08:37:22","date_gmt":"2019-02-28T07:37:22","guid":{"rendered":"https:\/\/www.alumast.eu\/contact\/"},"modified":"2022-04-22T14:32:49","modified_gmt":"2022-04-22T12:32:49","slug":"contact","status":"publish","type":"page","link":"https:\/\/www.alumast.eu\/en\/contact\/","title":{"rendered":"Contact"},"content":{"rendered":"<p>[vc_row][vc_column width=&#8221;9\/12&#8243;][vc_row_inner][vc_column_inner width=&#8221;1\/2&#8243;][vc_column_text el_class=&#8221;naglowek-intro&#8221;]<\/p>\n<h2>Alumast S.A.<\/h2>\n<ul>\n<li>Marklowicka 30A 44-300 Wodzis\u0142aw \u015al\u0105ski<\/li>\n<li>POLAND<\/li>\n<li><a style=\"color: #333333;\" href=\"tel:+48 32 453 03 14\">tel. +48 32 453 03 14<\/a><\/li>\n<li>fax +48 32 455 47 25<\/li>\n<li>email: <a href=\"mailto:info@alumast.eu\">export@alumast.eu<\/a><\/li>\n<\/ul>\n<p>[\/vc_column_text][\/vc_column_inner][vc_column_inner width=&#8221;1\/2&#8243;][vc_column_text]NIP 647-22-13-249<br \/>\nREGON 276766892<br \/>\nKRS 0000031909<\/p>\n<p>Fully paid-up share capital of PLN 11.352.090,00<br \/>\nDistrict Court in Gliwice, 10th Economic Department of the National Court Register No. 0000031909[\/vc_column_text][\/vc_column_inner][\/vc_row_inner][vc_column_text]<\/p>\n<ul>\n<li><b>All products Alumast S.A. \/ <span style=\"font-weight: 400;\"><br \/>\n<\/span><\/b><b><span style=\"font-weight: 400;\"><strong>Eine vollst\u00e4ndige<br \/>\n<\/strong><\/span><\/b><b><span style=\"font-weight: 400;\"><strong> Produktpalette von Alumast S.A<img decoding=\"async\" loading=\"lazy\" class=\"alignright wp-image-22274 \" src=\"https:\/\/www.alumast.eu\/wp-content\/uploads\/2022\/04\/zdj-mapa-300x200.jpg\" alt=\"\" width=\"414\" height=\"277\" srcset=\"https:\/\/www.alumast.eu\/wp-content\/uploads\/2022\/04\/zdj-mapa-300x200.jpg 300w, https:\/\/www.alumast.eu\/wp-content\/uploads\/2022\/04\/zdj-mapa-1024x683.jpg 1024w, https:\/\/www.alumast.eu\/wp-content\/uploads\/2022\/04\/zdj-mapa-768x512.jpg 768w, https:\/\/www.alumast.eu\/wp-content\/uploads\/2022\/04\/zdj-mapa-1536x1024.jpg 1536w, https:\/\/www.alumast.eu\/wp-content\/uploads\/2022\/04\/zdj-mapa-2048x1365.jpg 2048w, https:\/\/www.alumast.eu\/wp-content\/uploads\/2022\/04\/zdj-mapa-640x427.jpg 640w, https:\/\/www.alumast.eu\/wp-content\/uploads\/2022\/04\/zdj-mapa-1280x853.jpg 1280w\" sizes=\"(max-width: 414px) 100vw, 414px\" \/><\/strong><\/span><\/b><\/p>\n<ul>\n<li><b>export@alumast.eu<\/b><\/li>\n<li>+48 571 492 425;<\/li>\n<li>0049 152 014 291 28<\/li>\n<\/ul>\n<\/li>\n<\/ul>\n<p>[\/vc_column_text][vc_empty_space][vc_column_text][\/vc_column_text][\/vc_column][vc_column width=&#8221;3\/12&#8243;][vc_widget_sidebar sidebar_id=&#8221;page2&#8243;][\/vc_column][\/vc_row][vc_row padding_size=&#8221;m-padding&#8221;][vc_column][vc_column_text animation=&#8221;fadeInUp&#8221;]\n<div class=\"wpcf7 no-js\" id=\"wpcf7-f18212-o1\" lang=\"pl-PL\" dir=\"ltr\">\n<div class=\"screen-reader-response\"><p role=\"status\" aria-live=\"polite\" aria-atomic=\"true\"><\/p> <ul><\/ul><\/div>\n<form action=\"\/en\/wp-json\/wp\/v2\/pages\/17943#wpcf7-f18212-o1\" method=\"post\" class=\"wpcf7-form init\" aria-label=\"Formularz kontaktowy\" novalidate=\"novalidate\" data-status=\"init\">\n<div style=\"display: none;\">\n<input type=\"hidden\" name=\"_wpcf7\" value=\"18212\" \/>\n<input type=\"hidden\" name=\"_wpcf7_version\" value=\"5.8.1\" \/>\n<input type=\"hidden\" name=\"_wpcf7_locale\" value=\"pl_PL\" \/>\n<input type=\"hidden\" name=\"_wpcf7_unit_tag\" value=\"wpcf7-f18212-o1\" \/>\n<input type=\"hidden\" name=\"_wpcf7_container_post\" value=\"0\" \/>\n<input type=\"hidden\" name=\"_wpcf7_posted_data_hash\" value=\"\" \/>\n<input type=\"hidden\" name=\"_wpcf7_recaptcha_response\" value=\"\" \/>\n<\/div>\n<h3>Leave your message, we will answer your questions:\n<\/h3>\n<p><span style=\"color:#ff0000; font-size:12px; vertical-align:top;\">*<\/span> fill required fields\n<\/p>\n<div class=\"row\">\n\t<div class=\"col col-6\">\n\t\t<p><label> Name, Surname * <span class=\"wpcf7-form-control-wrap\" data-name=\"your-name\"><input size=\"40\" class=\"wpcf7-form-control wpcf7-text wpcf7-validates-as-required\" aria-required=\"true\" aria-invalid=\"false\" value=\"\" type=\"text\" name=\"your-name\" \/><\/span> <\/label>\n\t\t<\/p>\n\t<\/div>\n\t<div class=\"col col-6\">\n\t\t<p><label> Email address * <span class=\"wpcf7-form-control-wrap\" data-name=\"your-email\"><input size=\"40\" class=\"wpcf7-form-control wpcf7-email wpcf7-validates-as-required wpcf7-text wpcf7-validates-as-email\" aria-required=\"true\" aria-invalid=\"false\" value=\"\" type=\"email\" name=\"your-email\" \/><\/span> <\/label>\n\t\t<\/p>\n\t<\/div>\n<\/div>\n<div class=\"row\">\n\t<div class=\"col col-6\">\n\t\t<p><label> Subject * <span class=\"wpcf7-form-control-wrap\" data-name=\"your-subject\"><input size=\"40\" class=\"wpcf7-form-control wpcf7-text wpcf7-validates-as-required\" aria-required=\"true\" aria-invalid=\"false\" value=\"\" type=\"text\" name=\"your-subject\" \/><\/span> <\/label>\n\t\t<\/p>\n\t<\/div>\n\t<div class=\"col col-6\">\n\t\t<p><label> Telephone * <span class=\"wpcf7-form-control-wrap\" data-name=\"your-tel\"><input size=\"40\" class=\"wpcf7-form-control wpcf7-tel wpcf7-validates-as-required wpcf7-text wpcf7-validates-as-tel\" aria-required=\"true\" aria-invalid=\"false\" value=\"\" type=\"tel\" name=\"your-tel\" \/><\/span> <\/label>\n\t\t<\/p>\n\t<\/div>\n<\/div>\n<div class=\"row\">\n\t<div class=\"col col-12\">\n\t\t<p><label> Text message<br \/>\n<span class=\"wpcf7-form-control-wrap\" data-name=\"your-message\"><textarea cols=\"40\" rows=\"10\" class=\"wpcf7-form-control wpcf7-textarea\" aria-invalid=\"false\" name=\"your-message\"><\/textarea><\/span> <\/label>\n\t\t<\/p>\n\t<\/div>\n<\/div>\n<div class=\"row\">\n\t<div class=\"col col-12\">\n\t\t<p>See&nbsp;<a href='\/en\/privacy-policy\/'>Privacy policy<\/a>\n\t\t<\/p>\n\t\t<p style=\"text-align: center;\"><span class=\"wpcf7-form-control-wrap wpgdprc\"><span class=\"wpcf7-form-control wpcf7-wpgdprc wpcf7-validates-as-required\"><span class=\"wpcf7-list-item\"><input type=\"checkbox\" name=\"wpgdprc\" value=\"1\" aria-required=\"true\" aria-invalid=\"false\" \/><span class=\"wpcf7-list-item-label\">By using the form you agree to the storage and processing of your data by Alumast S.A. with its headquarter at Marklowicka street 30A, 44-300 Wodzislaw Slaski in order to answer the information sent via the contact form. *<\/span><\/span><\/span>    <\/span>\n\t\t<\/p>\n\t\t<p><input class=\"wpcf7-form-control wpcf7-submit has-spinner przycisk blue\" type=\"submit\" value=\"Send\" \/>\n\t\t<\/p>\n\t<\/div>\n<\/div><input type='hidden' class='wpcf7-pum' value='{\"closepopup\":false,\"closedelay\":0,\"openpopup\":false,\"openpopup_id\":0}' \/><div class=\"wpcf7-response-output\" aria-hidden=\"true\"><\/div>\n<\/form>\n<\/div>\n[\/vc_column_text][\/vc_column][\/vc_row][vc_row row_style=&#8221;full-width&#8221; padding_size=&#8221;no-padding&#8221;][vc_column padding_size=&#8221;no-padding&#8221;][wyde_gmaps height=&#8221;450&#8243; values=&#8221;%5B%7B%22address%22%3A%22Marklowicka%2030A%2C%2044-300%20Wodzis%C5%82aw%20%C5%9Al%C4%85ski%22%2C%22location%22%3A%2250.012700%2C18.483590%22%2C%22icon_url%22%3A%22http%3A%2F%2Falumast.sensorama.pl%2Fwp-content%2Fthemes%2Faoraki%2Fimages%2Fpin.png%22%7D%5D&#8221; gmaps=&#8221;%7B%22zoom%22%3A8%2C%22type%22%3A%22roadmap%22%2C%22center%22%3A%7B%22lat%22%3A50.0127%2C%22lng%22%3A18.48359000000005%7D%7D&#8221; color=&#8221;#212121&#8243;][\/vc_column][\/vc_row][vc_row padding_size=&#8221;l-padding&#8221; background_mode=&#8221;color&#8221; background_color=&#8221;#f0f0f0&#8243; el_id=&#8221;bottom-module&#8221;][vc_column width=&#8221;1\/2&#8243;][vc_column_text]<\/p>\n<h3 class=\"head head-left head-dark head-down-dark\">Newsletter<\/h3>\n<p>Are you looking for inspiring solutions for your investment? Do you need expert advice? Subscribe to the newsletter and be always up to date![\/vc_column_text][\/vc_column][vc_column width=&#8221;1\/2&#8243; css=&#8221;.vc_custom_1548067792677{padding-top: 60px !important;}&#8221;][vc_widget_sidebar sidebar_id=&#8221;shop&#8221;][\/vc_column][\/vc_row]<\/p>\n","protected":false},"excerpt":{"rendered":"<p>[vc_row][vc_column width=&#8221;9\/12&#8243;][vc_row_inner][vc_column_inner width=&#8221;1\/2&#8243;][vc_column_text el_class=&#8221;naglowek-intro&#8221;] Alumast S.A. Marklowicka 30A 44-300 Wodzis\u0142aw \u015al\u0105ski POLAND tel. +48 32 453 03 14 fax +48 32 455 47 25 email: export@alumast.eu [\/vc_column_text][\/vc_column_inner][vc_column_inner width=&#8221;1\/2&#8243;][vc_column_text]NIP 647-22-13-249 REGON 276766892 KRS 0000031909 Fully paid-up share capital of PLN 11.352.090,00 District Court in Gliwice, 10th Economic Department of the National Court Register No. 0000031909[\/vc_column_text][\/vc_column_inner][\/vc_row_inner][vc_column_text] All [&hellip;]<\/p>\n","protected":false},"author":1,"featured_media":0,"parent":0,"menu_order":7,"comment_status":"closed","ping_status":"closed","template":"","meta":{"footnotes":""},"_links":{"self":[{"href":"https:\/\/www.alumast.eu\/en\/wp-json\/wp\/v2\/pages\/17943"}],"collection":[{"href":"https:\/\/www.alumast.eu\/en\/wp-json\/wp\/v2\/pages"}],"about":[{"href":"https:\/\/www.alumast.eu\/en\/wp-json\/wp\/v2\/types\/page"}],"author":[{"embeddable":true,"href":"https:\/\/www.alumast.eu\/en\/wp-json\/wp\/v2\/users\/1"}],"replies":[{"embeddable":true,"href":"https:\/\/www.alumast.eu\/en\/wp-json\/wp\/v2\/comments?post=17943"}],"version-history":[{"count":0,"href":"https:\/\/www.alumast.eu\/en\/wp-json\/wp\/v2\/pages\/17943\/revisions"}],"wp:attachment":[{"href":"https:\/\/www.alumast.eu\/en\/wp-json\/wp\/v2\/media?parent=17943"}],"curies":[{"name":"wp","href":"https:\/\/api.w.org\/{rel}","templated":true}]}}