{"id":17939,"date":"2019-02-28T08:30:38","date_gmt":"2019-02-28T07:30:38","guid":{"rendered":"https:\/\/www.alumast.eu\/download\/"},"modified":"2023-02-15T11:01:59","modified_gmt":"2023-02-15T10:01:59","slug":"download","status":"publish","type":"page","link":"https:\/\/www.alumast.eu\/en\/download\/","title":{"rendered":"Download"},"content":{"rendered":"<p>[vc_row][vc_column][vc_column_text el_class=&#8221;naglowek-intro&#8221;]<\/p>\n<h2>Download<\/h2>\n<p>[\/vc_column_text][vc_empty_space][vc_empty_space][vc_accordion collapsible=&#8221;true&#8221;][vc_accordion_tab title=&#8221;COMPLAINT FORM&#8221;][vc_column_text][\/vc_column_text][vc_column_text]COMPLAINT FORM<\/p>\n<p><a class=\"przycisk blue\" href=\"https:\/\/www.alumast.eu\/wp-content\/uploads\/2021\/02\/1011GN_FORMULARZ-ZGOSZENIA-REKLAMACJI_pl-en_2021-01-29-084227.pdf\" target=\"_blank\" rel=\"noopener noreferrer\">COMPLAINT FORM<\/a><\/p>\n<p><a class=\"przycisk blue\" href=\"https:\/\/www.alumast.eu\/wp-content\/uploads\/2021\/02\/1011GN_FORMULARZ-ZGOSZENIA-REKLAMACJI_pl-de_2021-02-01-111459.pdf\" target=\"_blank\" rel=\"noopener noreferrer\">REKLAMATIONSFORMULAR<\/a><\/p>\n<p><a class=\"przycisk yellow\" href=\"https:\/\/www.alumast.eu\/wp-content\/uploads\/2021\/02\/1011GN_FORMULARZ-ZGOSZENIA-REKLAMACJI_pl-cz_2021-01-29-101001.pdf\" target=\"_blank\" rel=\"noopener noreferrer\">FORMUL\u00c1\u0158 REKLAMA\u010cN\u00cd \u017d\u00c1DOSTI<\/a><\/p>\n<p>[\/vc_column_text][\/vc_accordion_tab][vc_accordion_tab title=&#8221;Leaflets&#8221;][vc_column_text]<strong>LIGHTING COLUMNS<\/strong><\/p>\n<p><a class=\"przycisk blue\" href=\"https:\/\/www.alumast.eu\/wp-content\/uploads\/2019\/02\/Alumast-katalog-produkto\u0301w.pdf\" target=\"_blank\" rel=\"noopener noreferrer\"> Product catalogue &#8211; lighting columns<\/a><\/p>\n<p><a class=\"przycisk blue\" href=\"https:\/\/www.alumast.eu\/wp-content\/uploads\/2019\/05\/leaflet-basicpole-alumast-2019.pdf\" target=\"_blank\" rel=\"noopener noreferrer\">Leaflet &#8211; BASICPOLE lighting columns<\/a><\/p>\n<p><a class=\"przycisk yellow\" href=\"https:\/\/www.alumast.eu\/wp-content\/uploads\/2019\/05\/Alumast-leaflet-Designpole-ANG.pdf\" target=\"_blank\" rel=\"noopener noreferrer\"> Leaflet- DESIGNPOLE<\/a><\/p>\n<p><a class=\"przycisk yellow\" href=\"https:\/\/www.alumast.eu\/wp-content\/uploads\/2019\/05\/Alumast-leaflet-Smartpole-Crossing-ENG.pdf\" target=\"_blank\" rel=\"noopener noreferrer\">Leaflet &#8211; Smartpole Crossing<\/a><\/p>\n<p><a class=\"przycisk yellow\" href=\"https:\/\/www.alumast.eu\/wp-content\/uploads\/2020\/09\/smartpole-charger-eng1.pdf\" target=\"_blank\" rel=\"noopener noreferrer\">Leaflet &#8211; Smartpole Charger<\/a>[\/vc_column_text][vc_column_text][\/vc_column_text][\/vc_accordion_tab][vc_accordion_tab title=&#8221;Data sheet&#8221;][vc_column_text]<strong>EV CHARGING STATION<\/strong><\/p>\n<p><a class=\"przycisk yellow\" href=\"https:\/\/www.alumast.eu\/wp-content\/uploads\/2022\/02\/karta-kat_STACJA-LADOWANIA_ang.pdf\" target=\"_blank\" rel=\"noopener noreferrer nofollow\">Data sheet &#8211; ev charging station<\/a><\/p>\n<p><strong>LIGHTING COLUMNS<\/strong><\/p>\n<p><a class=\"przycisk yellow\" href=\"https:\/\/www.alumast.eu\/wp-content\/uploads\/2021\/12\/karta-kat_BASICPOLE.pdf\" target=\"_blank\" rel=\"noopener noreferrer\">Data sheet &#8211; BASICPOLE<\/a><\/p>\n<p><a class=\"przycisk yellow\" href=\"https:\/\/www.alumast.eu\/wp-content\/uploads\/2022\/02\/karta-kat_Passivepole.pdf\" target=\"_blank\" rel=\"noopener noreferrer\">Data sheet &#8211; PASSIVEPOLE<\/a><\/p>\n<p><a class=\"przycisk yellow\" href=\"https:\/\/www.alumast.eu\/wp-content\/uploads\/2021\/12\/karta-kat_EASYPOLE.pdf\" target=\"_blank\" rel=\"noopener noreferrer\">Data sheet &#8211; EASYPOLE<\/a><\/p>\n<p><a class=\"przycisk yellow\" href=\"https:\/\/www.alumast.eu\/wp-content\/uploads\/2021\/12\/karta-kat_DESIGNPOLE.pdf\" target=\"_blank\" rel=\"noopener noreferrer\">Data sheet &#8211; DESIGNPOLE<\/a><\/p>\n<p><a class=\"przycisk yellow\" href=\"https:\/\/www.alumast.eu\/wp-content\/uploads\/2018\/11\/DECORPOLE_karta-katalog.pdf\" target=\"_blank\" rel=\"noopener noreferrer\">Data sheet &#8211; DECORPOLE<\/a><\/p>\n<p><a class=\"przycisk yellow\" href=\"https:\/\/www.alumast.eu\/wp-content\/uploads\/2019\/01\/Smartpole-Crossing-z-opraw\u0105-karta-katalogowa.pdf\" target=\"_blank\" rel=\"noopener noreferrer\">Data sheet &#8211; Smartpole Crossing with a luminaire<\/a><\/p>\n<p><a class=\"przycisk yellow\" href=\"https:\/\/www.alumast.eu\/wp-content\/uploads\/2019\/01\/Smartpole-Crossing-z-panelem-karta-katalogowa.pdf\" target=\"_blank\" rel=\"noopener noreferrer\">Data sheet &#8211; Smartpole Crossing with solar panel<\/a><\/p>\n<p><strong>EV CHARGING STATION<\/strong><\/p>\n<p><a class=\"przycisk yellow\" href=\"https:\/\/www.alumast.eu\/wp-content\/uploads\/2021\/12\/karta-kat_STACJA-LADOWANIA_ang.pdf\" target=\"_blank\" rel=\"noopener noreferrer\">Data sheet &#8211; EV charging station<\/a><\/p>\n<p><strong>TELECOMMUNICATION POLES<\/strong><\/p>\n<p><a class=\"przycisk yellow\" href=\"https:\/\/www.alumast.eu\/wp-content\/uploads\/2021\/12\/karta-kat_TELETECHNIK-1.pdf\" target=\"_blank\" rel=\"noopener noreferrer\">Data sheet &#8211; TELECOMMUNICATION POLES<\/a><\/p>\n<p><strong>STORMPOLE WITH LIGHTNING PROTECTION<\/strong><\/p>\n<p><a class=\"przycisk yellow\" href=\"https:\/\/www.alumast.eu\/wp-content\/uploads\/2018\/11\/STORMPOLE_karta-katalog.pdf\" target=\"_blank\" rel=\"noopener noreferrer\">Data sheet &#8211; STORMPOLE with lightning protection<\/a><\/p>\n<p><strong>FLAGPOLES<\/strong><\/p>\n<p><a class=\"przycisk yellow\" href=\"https:\/\/www.alumast.eu\/wp-content\/uploads\/2022\/11\/MASZT-ALUMINIOWY-STANDARD.pdf\" target=\"_blank\" rel=\"noopener noreferrer\">Data sheet &#8211; aluminium sectional flagpoles &#8211; STANDARD<\/a><\/p>\n<p><a class=\"przycisk yellow\" href=\"https:\/\/www.alumast.eu\/wp-content\/uploads\/2022\/11\/MASZT-ALUMINIOWY-SUPER.pdf\" target=\"_blank\" rel=\"noopener noreferrer\">Data sheet &#8211; aluminium sectional flagpoles &#8211; SUPER<\/a><\/p>\n<p><a class=\"przycisk yellow\" href=\"https:\/\/www.alumast.eu\/wp-content\/uploads\/2022\/11\/MASZT-ALUMINIOWY-SW.pdf\" target=\"_blank\" rel=\"noopener noreferrer\">Data sheet &#8211; aluminium sectional flagpoles &#8211; SUPER WINDTRACKER<\/a><\/p>\n<p><a class=\"przycisk yellow\" href=\"https:\/\/www.alumast.eu\/wp-content\/uploads\/2022\/11\/MASZT-KOMPOZYTOWY-STANDARD.pdf\" target=\"_blank\" rel=\"noopener noreferrer\">Data sheet &#8211; fiberglass flagpole &#8211; STANDARD<\/a><\/p>\n<p><a class=\"przycisk yellow\" href=\"https:\/\/www.alumast.eu\/wp-content\/uploads\/2022\/11\/MASZT-KOMPOZYTOWY-SUPER.pdf\" target=\"_blank\" rel=\"noopener noreferrer\">Data sheet &#8211; fiberglass flagpole &#8211; SUPER<\/a><\/p>\n<p><a class=\"przycisk yellow\" href=\"https:\/\/www.alumast.eu\/wp-content\/uploads\/2022\/11\/MASZT-KOMPOZYTOWY-SW.pdf\" target=\"_blank\" rel=\"noopener noreferrer\">Data sheet &#8211; fiberglass flagpole &#8211; SUPER WINDTRACKER<\/a>[\/vc_column_text][\/vc_accordion_tab][vc_accordion_tab title=&#8221;Warranty terms&#8221;][vc_column_text]<a class=\"przycisk yellow\" href=\"https:\/\/www.alumast.eu\/wp-content\/uploads\/2022\/12\/karta-gwaranc_sl_osw_10_2022.pdf\" target=\"_blank\" rel=\"noopener noreferrer\">Warranty terms for lighting columns<\/a><\/p>\n<p><a class=\"przycisk yellow\" href=\"https:\/\/www.alumast.eu\/wp-content\/uploads\/2022\/12\/karta-gwaranc_maszty-odgromowe_10_2022.pdf\" target=\"_blank\" rel=\"noopener noreferrer\">Warranty terms for stormpole with lightning protection<\/a><\/p>\n<p><a class=\"przycisk yellow\" href=\"https:\/\/www.alumast.eu\/wp-content\/uploads\/2022\/12\/karta-gwaranc_teletechnik_10_2022.pdf\" target=\"_blank\" rel=\"noopener noreferrer nofollow\">Warranty terms for composite transmission poles<\/a><\/p>\n<p><a class=\"przycisk yellow\" href=\"https:\/\/www.alumast.eu\/wp-content\/uploads\/2022\/12\/karta-gwarancyjna_maszty-flagowe_10_2022.pdf\" target=\"_blank\" rel=\"noopener noreferrer nofollow\">Warranty terms for flagpoles<\/a><\/p>\n<p><a class=\"przycisk yellow\" href=\"https:\/\/www.alumast.eu\/wp-content\/uploads\/2022\/12\/karta-gwaranc_smartpole-crossing_10_2022.pdf\" target=\"_blank\" rel=\"noopener noreferrer nofollow\">Warranty terms for smartpole crossing\u00a0<\/a>[\/vc_column_text][\/vc_accordion_tab][vc_accordion_tab title=&#8221;Installation instructions&#8221;][vc_column_text]<a class=\"przycisk yellow\" href=\"https:\/\/www.alumast.eu\/wp-content\/uploads\/2018\/11\/instrukcja_montaz_s\u0142upa_pol-ang.pdf\" target=\"_blank\" rel=\"noopener noreferrer\">Instruction installation for lighting columns mounted in the ground<\/a><\/p>\n<p><a class=\"przycisk yellow\" href=\"https:\/\/www.alumast.eu\/wp-content\/uploads\/2021\/08\/Instrukcja_teletechniki_ang.pdf\" target=\"_blank\" rel=\"noopener noreferrer nofollow\">Transport and unloading instructions, storage, assembly and operation of composite teletechnical poles<\/a><\/p>\n<p><a class=\"przycisk yellow\" href=\"https:\/\/www.alumast.eu\/wp-content\/uploads\/2021\/08\/instrukcja-oswietleniowe_ang.pdf\" target=\"_blank\" rel=\"noopener noreferrer nofollow\">Recomendations for transport, unloading, storage,\u00a0 installation and operation of composite lighting poles marked with symbols:\u00a0SKPF, SKPW, SKPF\u0141, SKPW-\u0141<\/a>[\/vc_column_text][\/vc_accordion_tab][vc_accordion_tab title=&#8221;Explanations&#8221;][vc_column_text]<a class=\"przycisk yellow\" href=\"https:\/\/www.alumast.eu\/wp-content\/uploads\/2021\/03\/objasnienia-eng.pdf\" target=\"_blank\" rel=\"noopener noreferrer\">EXPLANATIONS CONCERNING READING CODIFICATIONS, TRADE NAMES AND SELECTING COLORS<\/a><\/p>\n<p><a class=\"przycisk yellow\" href=\"https:\/\/www.alumast.eu\/wp-content\/uploads\/2021\/03\/objasnienia-cz.pdf\" target=\"_blank\" rel=\"noopener noreferrer\">VYSV\u011aTLEN\u00cd T\u00ddKAJ\u00cdC\u00cd SE KODIFIKAC\u00cd PRO \u010cTEN\u00cd, OBCHODN\u00cdCH N\u00c1ZV\u016e A V\u00ddB\u011aRU BAREV<\/a><\/p>\n<p><a class=\"przycisk yellow\" href=\"https:\/\/www.alumast.eu\/wp-content\/uploads\/2021\/03\/objasnienia-de-1.pdf\" target=\"_blank\" rel=\"noopener noreferrer\">ERKL\u00c4RUNGEN ZUR KODIFIZIERUNG, HANDELSNAMEN UND DER AUSWAHL VON FARBEN<\/a>[\/vc_column_text][\/vc_accordion_tab][vc_accordion_tab title=&#8221;Statement&#8221;][vc_column_text]<a class=\"przycisk yellow\" href=\"https:\/\/www.alumast.eu\/wp-content\/uploads\/2021\/08\/oswiadczenie-bezpieczne_ang.pdf\" target=\"_blank\" rel=\"noopener noreferrer\">STATEMENT<\/a>[\/vc_column_text][\/vc_accordion_tab][vc_accordion_tab title=&#8221;Product catalog&#8221;][vc_column_text]<a class=\"przycisk yellow\" href=\"https:\/\/www.alumast.eu\/wp-content\/uploads\/2022\/11\/katalog_09_2022_ANG_lekki.pdf\" target=\"_blank\" rel=\"noopener noreferrer\">Download the product catalog_ANG<\/a><\/p>\n<p><a class=\"przycisk yellow\" href=\"https:\/\/www.alumast.eu\/wp-content\/uploads\/2023\/02\/katalog_07_2022_NIEMIECKI_lekki.pdf\" target=\"_blank\" rel=\"noopener noreferrer\">Download the product catalog_DE<\/a><\/p>\n<p><a class=\"przycisk yellow\" href=\"https:\/\/www.alumast.eu\/wp-content\/uploads\/2023\/02\/katalog_09_2022_CZECHY_lekki.pdf\" target=\"_blank\" rel=\"noopener noreferrer\">Download the product catalog_CZ<\/a>[\/vc_column_text][\/vc_accordion_tab][\/vc_accordion][\/vc_column][\/vc_row]<\/p>\n","protected":false},"excerpt":{"rendered":"<p>Download leaflets, data sheet, warranty terms, installation instructions, declaration of performance.<\/p>\n","protected":false},"author":1,"featured_media":0,"parent":0,"menu_order":6,"comment_status":"closed","ping_status":"closed","template":"","meta":{"footnotes":""},"_links":{"self":[{"href":"https:\/\/www.alumast.eu\/en\/wp-json\/wp\/v2\/pages\/17939"}],"collection":[{"href":"https:\/\/www.alumast.eu\/en\/wp-json\/wp\/v2\/pages"}],"about":[{"href":"https:\/\/www.alumast.eu\/en\/wp-json\/wp\/v2\/types\/page"}],"author":[{"embeddable":true,"href":"https:\/\/www.alumast.eu\/en\/wp-json\/wp\/v2\/users\/1"}],"replies":[{"embeddable":true,"href":"https:\/\/www.alumast.eu\/en\/wp-json\/wp\/v2\/comments?post=17939"}],"version-history":[{"count":0,"href":"https:\/\/www.alumast.eu\/en\/wp-json\/wp\/v2\/pages\/17939\/revisions"}],"wp:attachment":[{"href":"https:\/\/www.alumast.eu\/en\/wp-json\/wp\/v2\/media?parent=17939"}],"curies":[{"name":"wp","href":"https:\/\/api.w.org\/{rel}","templated":true}]}}