{"id":17847,"date":"2019-02-27T14:03:43","date_gmt":"2019-02-27T13:03:43","guid":{"rendered":"https:\/\/www.alumast.eu\/products\/"},"modified":"2020-07-22T10:52:23","modified_gmt":"2020-07-22T08:52:23","slug":"products","status":"publish","type":"page","link":"https:\/\/www.alumast.eu\/en\/products\/","title":{"rendered":"Products"},"content":{"rendered":"<p>[vc_row][vc_column][vc_column_text el_class=&#8221;naglowek-intro&#8221;]<\/p>\n<h2>Our offer<\/h2>\n<p>Our offer includes innovative composite poles and composite-aluminium solutions. The design and properties of individual models are adapted to theenvironment conditions and the role that columns have to fulfil.[\/vc_column_text][\/vc_column][\/vc_row][vc_row][vc_column][vc_empty_space][\/vc_column][\/vc_row][vc_row][vc_column width=&#8221;1\/3&#8243;][vc_column_text el_class=&#8221;box-short-category&#8221; animation=&#8221;fadeInUp&#8221;]<a href=\"https:\/\/www.alumast.eu\/en\/products\/lighting-columns\/\"><img decoding=\"async\" class=\"aligncenter\" src=\"https:\/\/www.alumast.eu\/wp-content\/uploads\/2019\/01\/basicpole.jpg\" alt=\"slupy oswietleniowe\" \/><\/a><\/p>\n<h3><a href=\"https:\/\/www.alumast.eu\/en\/products\/lighting-columns\/\">Lighting columns<\/a><\/h3>\n<p>Modern or stylized, in a wide range of colours.<\/p>\n<p><a class=\"readmore\" href=\"https:\/\/www.alumast.eu\/en\/products\/lighting-columns\/\">See more<\/a>[\/vc_column_text][\/vc_column][vc_column width=&#8221;1\/3&#8243;][vc_column_text el_class=&#8221;box-short-category&#8221; animation=&#8221;fadeInUp&#8221;]<a href=\"https:\/\/www.alumast.eu\/en\/products\/columns-smartpole\/\"><img decoding=\"async\" class=\"size-full wp-image-13961 aligncenter\" src=\"https:\/\/www.alumast.eu\/wp-content\/uploads\/2019\/01\/smartpole-multi.jpg\" alt=\"smartpole\" \/><\/a><\/p>\n<h3><a href=\"https:\/\/www.alumast.eu\/en\/products\/columns-smartpole\/\">Smartpole<\/a><\/h3>\n<p>We know well how to combine security, innovation and modern design.<br \/>\n<a class=\"readmore\" href=\"https:\/\/www.alumast.eu\/en\/products\/columns-smartpole\/\">See more<\/a>[\/vc_column_text][\/vc_column][vc_column width=&#8221;1\/3&#8243;][vc_column_text el_class=&#8221;box-short-category&#8221; animation=&#8221;fadeInUp&#8221;]<a href=\"https:\/\/www.alumast.eu\/en\/products\/flagpoles\/\"><img decoding=\"async\" class=\"size-full wp-image-13957 aligncenter\" src=\"https:\/\/www.alumast.eu\/wp-content\/uploads\/2019\/01\/maszty-cylindryczne-exclusive-banner.jpg\" alt=\"maszty flagowe\" \/><\/a><\/p>\n<h3><a href=\"https:\/\/www.alumast.eu\/en\/products\/flagpoles\/\">Flagpoles<\/a><\/h3>\n<p>The effect of combining over 20 years of experience and innovative materials.<br \/>\n<a class=\"readmore\" href=\"https:\/\/www.alumast.eu\/en\/products\/flagpoles\/\">See more<\/a>[\/vc_column_text][\/vc_column][\/vc_row][vc_row][vc_column width=&#8221;1\/3&#8243;][vc_column_text el_class=&#8221;box-short-category&#8221; animation=&#8221;fadeInUp&#8221;]<a href=\"https:\/\/www.alumast.eu\/en\/products\/telecommunication-poles\/\"><img decoding=\"async\" loading=\"lazy\" class=\"aligncenter wp-image-16886 size-full\" title=\"TELETECHNICZNY s\u0142up kompozytowy do monta\u017cu linii \u015bwiat\u0142owodowych\" src=\"https:\/\/www.alumast.eu\/wp-content\/uploads\/2019\/01\/s\u0142upy-teletechniczne-1.jpg\" alt=\"\" width=\"500\" height=\"330\" srcset=\"https:\/\/www.alumast.eu\/wp-content\/uploads\/2019\/01\/s\u0142upy-teletechniczne-1.jpg 500w, https:\/\/www.alumast.eu\/wp-content\/uploads\/2019\/01\/s\u0142upy-teletechniczne-1-300x198.jpg 300w\" sizes=\"(max-width: 500px) 100vw, 500px\" \/><\/a><\/p>\n<h3><a href=\"https:\/\/www.alumast.eu\/en\/products\/telecommunication-poles\/\">Teletechnical poles<\/a><\/h3>\n<p>A modern alternative for wooden and concrete constructions.<\/p>\n<p><a class=\"readmore\" href=\"https:\/\/www.alumast.eu\/en\/products\/telecommunication-poles\/\">See more<\/a>[\/vc_column_text][\/vc_column][vc_column width=&#8221;1\/3&#8243;][vc_column_text el_class=&#8221;box-short-category&#8221; animation=&#8221;fadeInUp&#8221;]<a href=\"https:\/\/www.alumast.eu\/en\/products\/lightning-protection-masts-stormpole\/\"><img decoding=\"async\" class=\"size-full wp-image-13958 aligncenter\" src=\"https:\/\/www.alumast.eu\/wp-content\/uploads\/2019\/01\/maszty-odgormowe.jpg\" alt=\"maszty odgormowe\" \/><\/a><\/p>\n<h3><a href=\"https:\/\/www.alumast.eu\/en\/products\/lightning-protection-masts-stormpole\/\">Lightning protection masts<\/a><\/h3>\n<p>Reliable lightning protection. Tested in the most difficult conditions.<\/p>\n<p><a class=\"readmore\" href=\"https:\/\/www.alumast.eu\/en\/products\/lightning-protection-masts-stormpole\/\">See more<\/a>[\/vc_column_text][\/vc_column][vc_column width=&#8221;1\/3&#8243;][vc_column_text el_class=&#8221;box-short-category&#8221; animation=&#8221;fadeInUp&#8221;]<a href=\"https:\/\/www.alumast.eu\/produkty\/smartpole\/smartpole-crossing\/\"><img decoding=\"async\" loading=\"lazy\" class=\"aligncenter wp-image-16590 size-full\" src=\"https:\/\/www.alumast.eu\/wp-content\/uploads\/2019\/01\/smartpole-crossing.jpg\" alt=\"Smartpole Crossing\" width=\"500\" height=\"330\" srcset=\"https:\/\/www.alumast.eu\/wp-content\/uploads\/2019\/01\/smartpole-crossing.jpg 500w, https:\/\/www.alumast.eu\/wp-content\/uploads\/2019\/01\/smartpole-crossing-300x198.jpg 300w\" sizes=\"(max-width: 500px) 100vw, 500px\" \/><\/a><\/p>\n<h3><a href=\"https:\/\/www.alumast.eu\/en\/products\/smartpole-crossing\/\">Smartpole Crossing<\/a><\/h3>\n<p>Active pedestrian crossings<\/p>\n<p><a class=\"readmore\" href=\"https:\/\/www.alumast.eu\/en\/products\/smartpole-crossing\/\">See more<\/a>[\/vc_column_text][\/vc_column][\/vc_row][vc_row][vc_column width=&#8221;1\/3&#8243;][vc_column_text el_class=&#8221;box-short-category&#8221; animation=&#8221;fadeInUp&#8221;]<a href=\"https:\/\/www.alumast.eu\/produkty\/smartpole\/smartpole-charger\/\"><img decoding=\"async\" loading=\"lazy\" class=\"aligncenter wp-image-16590 size-full\" src=\"https:\/\/www.alumast.eu\/wp-content\/uploads\/2019\/07\/smartpole-charger.png\" alt=\"Smartpole Charger\" width=\"500\" height=\"330\" \/><\/a><\/p>\n<h3><a href=\"https:\/\/www.alumast.eu\/en\/products\/smartpole-charger\/\">Smartpole Charger<\/a><\/h3>\n<p>Electric vehicles charging station<\/p>\n<p><a class=\"readmore\" href=\"https:\/\/www.alumast.eu\/en\/products\/smartpole-charger\/\">See more<\/a>[\/vc_column_text][\/vc_column][\/vc_row]<\/p>\n","protected":false},"excerpt":{"rendered":"<p>Our offer includes innovative composite poles and composite-aluminium solutions. The design and properties of individual models are adapted to theenvironment conditions and the role that columns have to fulfil.<\/p>\n","protected":false},"author":1,"featured_media":0,"parent":0,"menu_order":3,"comment_status":"closed","ping_status":"closed","template":"","meta":{"footnotes":""},"_links":{"self":[{"href":"https:\/\/www.alumast.eu\/en\/wp-json\/wp\/v2\/pages\/17847"}],"collection":[{"href":"https:\/\/www.alumast.eu\/en\/wp-json\/wp\/v2\/pages"}],"about":[{"href":"https:\/\/www.alumast.eu\/en\/wp-json\/wp\/v2\/types\/page"}],"author":[{"embeddable":true,"href":"https:\/\/www.alumast.eu\/en\/wp-json\/wp\/v2\/users\/1"}],"replies":[{"embeddable":true,"href":"https:\/\/www.alumast.eu\/en\/wp-json\/wp\/v2\/comments?post=17847"}],"version-history":[{"count":0,"href":"https:\/\/www.alumast.eu\/en\/wp-json\/wp\/v2\/pages\/17847\/revisions"}],"wp:attachment":[{"href":"https:\/\/www.alumast.eu\/en\/wp-json\/wp\/v2\/media?parent=17847"}],"curies":[{"name":"wp","href":"https:\/\/api.w.org\/{rel}","templated":true}]}}